{"id":64467,"date":"2025-12-03T13:59:17","date_gmt":"2025-12-03T13:59:17","guid":{"rendered":"https:\/\/machera.lu\/?page_id=64467"},"modified":"2026-04-21T14:33:36","modified_gmt":"2026-04-21T14:33:36","slug":"stellenangebote","status":"publish","type":"page","link":"https:\/\/machera.lu\/?page_id=64467","title":{"rendered":"Stellenangebote"},"content":{"rendered":"\t\t<div data-elementor-type=\"wp-page\" data-elementor-id=\"64467\" class=\"elementor elementor-64467\">\n\t\t\t\t\t\t<section class=\"elementor-section elementor-top-section elementor-element elementor-element-4db124c elementor-section-boxed elementor-section-height-default elementor-section-height-default sc_fly_static\" data-id=\"4db124c\" data-element_type=\"section\">\n\t\t\t\t\t\t<div class=\"elementor-container elementor-column-gap-extended\">\n\t\t\t\t\t<div class=\"elementor-column elementor-col-100 elementor-top-column elementor-element elementor-element-a4af04d sc_inner_width_none sc_content_align_inherit sc_layouts_column_icons_position_left sc_fly_static\" data-id=\"a4af04d\" data-element_type=\"column\">\n\t\t\t<div class=\"elementor-widget-wrap\">\n\t\t\t\t\t\t\t<\/div>\n\t\t<\/div>\n\t\t\t\t\t<\/div>\n\t\t<\/section>\n\t\t\t\t<section class=\"elementor-section elementor-top-section elementor-element elementor-element-4dce2d2 elementor-section-boxed elementor-section-height-default elementor-section-height-default sc_fly_static\" data-id=\"4dce2d2\" data-element_type=\"section\">\n\t\t\t\t\t\t<div class=\"elementor-container elementor-column-gap-extended\">\n\t\t\t\t\t<div class=\"elementor-column elementor-col-100 elementor-top-column elementor-element elementor-element-2d66e5c sc_inner_width_none sc_content_align_inherit sc_layouts_column_icons_position_left sc_fly_static\" data-id=\"2d66e5c\" data-element_type=\"column\">\n\t\t\t<div class=\"elementor-widget-wrap elementor-element-populated\">\n\t\t\t\t\t\t\t<\/div>\n\t\t<\/div>\n\t\t\t\t\t<\/div>\n\t\t<\/section>\n\t\t\t\t<section class=\"elementor-section elementor-top-section elementor-element elementor-element-5a9bbf3 elementor-section-boxed elementor-section-height-default elementor-section-height-default sc_fly_static\" data-id=\"5a9bbf3\" data-element_type=\"section\">\n\t\t\t\t\t\t<div class=\"elementor-container elementor-column-gap-extended\">\n\t\t\t\t\t<div class=\"elementor-column elementor-col-50 elementor-top-column elementor-element elementor-element-cc0350b sc_inner_width_none sc_content_align_inherit sc_layouts_column_icons_position_left sc_fly_static\" data-id=\"cc0350b\" data-element_type=\"column\">\n\t\t\t<div class=\"elementor-widget-wrap elementor-element-populated\">\n\t\t\t\t\t\t<div class=\"elementor-element elementor-element-6c8cb9e sc_fly_static elementor-widget elementor-widget-image\" data-id=\"6c8cb9e\" data-element_type=\"widget\" data-widget_type=\"image.default\">\n\t\t\t\t<div class=\"elementor-widget-container\">\n\t\t\t\t\t\t\t\t\t\t\t\t\t<img fetchpriority=\"high\" decoding=\"async\" width=\"1024\" height=\"561\" src=\"https:\/\/machera.lu\/wp-content\/uploads\/2026\/04\/offredemploi-technicien_son-1024x561.jpg\" class=\"attachment-large size-large wp-image-65140\" alt=\"\" srcset=\"https:\/\/machera.lu\/wp-content\/uploads\/2026\/04\/offredemploi-technicien_son-1024x561.jpg 1024w, https:\/\/machera.lu\/wp-content\/uploads\/2026\/04\/offredemploi-technicien_son-300x164.jpg 300w, https:\/\/machera.lu\/wp-content\/uploads\/2026\/04\/offredemploi-technicien_son-768x421.jpg 768w, https:\/\/machera.lu\/wp-content\/uploads\/2026\/04\/offredemploi-technicien_son-1536x842.jpg 1536w, https:\/\/machera.lu\/wp-content\/uploads\/2026\/04\/offredemploi-technicien_son-2048x1122.jpg 2048w, https:\/\/machera.lu\/wp-content\/uploads\/2026\/04\/offredemploi-technicien_son-370x203.jpg 370w, https:\/\/machera.lu\/wp-content\/uploads\/2026\/04\/offredemploi-technicien_son-840x460.jpg 840w, https:\/\/machera.lu\/wp-content\/uploads\/2026\/04\/offredemploi-technicien_son-410x225.jpg 410w\" sizes=\"(max-width: 1024px) 100vw, 1024px\" \/>\t\t\t\t\t\t\t\t\t\t\t\t\t<\/div>\n\t\t\t\t<\/div>\n\t\t\t\t<div class=\"elementor-element elementor-element-598c0f3 elementor-button-success elementor-align-center elementor-widget__width-inherit animation_type_block sc_fly_static elementor-invisible elementor-widget elementor-widget-button\" data-id=\"598c0f3\" data-element_type=\"widget\" data-settings=\"{&quot;_animation&quot;:&quot;zoomIn&quot;}\" data-widget_type=\"button.default\">\n\t\t\t\t<div class=\"elementor-widget-container\">\n\t\t\t\t\t\t\t<div class=\"elementor-button-wrapper\">\n\t\t\t\t\t<a class=\"elementor-button elementor-button-link elementor-size-sm\" href=\"https:\/\/app.skeeled.com\/offer\/c\/69c63ce40ea70e004ea7567b?show_description=true&#038;language=fr&#038;fbclid=IwY2xjawRUZrBleHRuA2FlbQIxMABicmlkETBXQUpHcWVVUVJLejNVVTNXc3J0YwZhcHBfaWQQMjIyMDM5MTc4ODIwMDg5MgABHlFt35TBjYFWifAb5vVgG2S8vavP7LKdX1htSA5ZJlgClmvEoV-RiWAWupOO_aem_6PrCIDVolqmicCT5NJprqQ\" target=\"_blank\">\n\t\t\t\t\t\t<span class=\"elementor-button-content-wrapper\">\n\t\t\t\t\t\t\t\t\t<span class=\"elementor-button-text\">Postulez ici<\/span>\n\t\t\t\t\t<\/span>\n\t\t\t\t\t<\/a>\n\t\t\t\t<\/div>\n\t\t\t\t\t\t<\/div>\n\t\t\t\t<\/div>\n\t\t\t\t<div class=\"elementor-element elementor-element-e169d36 elementor-widget__width-inherit sc_fly_static elementor-widget elementor-widget-heading\" data-id=\"e169d36\" data-element_type=\"widget\" data-widget_type=\"heading.default\">\n\t\t\t\t<div class=\"elementor-widget-container\">\n\t\t\t<h2 class=\"elementor-heading-title elementor-size-default\"><span class=\"text-uppercase text-secondary font-weight-bold\" data-v-53ba0c62=\"\" style=\"background-repeat: no-repeat;margin: 0px;padding: 0px;, Avenir, Helvetica, Arial, sans-serif;font-size: 14px;font-style: normal;letter-spacing: normal;white-space: normal;text-transform: uppercase !important;font-weight: 700 !important\">Date de fermeture<\/span><span class=\"ml-1\" data-v-53ba0c62=\"\" style=\"background-repeat: no-repeat;margin-top: 0px;margin-right: 0px;margin-bottom: 0px;padding: 0px;, Avenir, Helvetica, Arial, sans-serif;font-size: 14px;font-style: normal;font-weight: 400;letter-spacing: normal;white-space: normal;margin-left: 4px !important\">27\/04\/2026<\/span><\/h2>\t\t<\/div>\n\t\t\t\t<\/div>\n\t\t\t\t\t<\/div>\n\t\t<\/div>\n\t\t\t\t<div class=\"elementor-column elementor-col-50 elementor-top-column elementor-element elementor-element-e3a8e61 sc_inner_width_none sc_content_align_inherit sc_layouts_column_icons_position_left sc_fly_static\" data-id=\"e3a8e61\" data-element_type=\"column\">\n\t\t\t<div class=\"elementor-widget-wrap elementor-element-populated\">\n\t\t\t\t\t\t<div class=\"elementor-element elementor-element-0ae647b sc_fly_static elementor-widget elementor-widget-text-editor\" data-id=\"0ae647b\" data-element_type=\"widget\" data-widget_type=\"text-editor.default\">\n\t\t\t\t<div class=\"elementor-widget-container\">\n\t\t\t\t\t\t\t<p><strong>AIDE-M\u00c9MOIRE<\/strong><\/p><p>des conditions d\u2019admission au poste vacant<\/p><p><strong>de salari\u00e9 \u00e0 t\u00e2che manuelle (m\/f\/d) avec CATP\/DAP dans le m\u00e9tier \u00ab\u00a0technicien de son\u00a0\u00bb pour les besoins du Centre Culturel Machera<\/strong><\/p><p><strong>\u00a0<\/strong><span style=\"font-size: 17px; letter-spacing: 0px;\">L\u2019Administration Communale de la Ville de Grevenmacher se propose d\u2019engager pour son Centre Culturel Machera, un salari\u00e9 \u00e0 t\u00e2che manuelle (m\/f\/d) avec CATP\/DAP dans le m\u00e9tier \u00ab\u00a0technicien de son\u00a0\u00bb. L\u2019engagement se fera dans la carri\u00e8re \u00ab\u00a0Laufbahn ME\u00a0\u00bb du contrat collectif applicable au personnel salari\u00e9 de la Ville de Grevenmacher et \u00e0 dur\u00e9e ind\u00e9termin\u00e9e.<\/span><\/p><p>Taux d\u2019occupation\u00a0: 100%.<\/p><p>Entr\u00e9e imm\u00e9diate ou \u00e0 convenir.<\/p><p><strong>Le poste comprend du travail de nuit, de fin de semaines et jours f\u00e9ri\u00e9s.<\/strong><\/p>\t\t\t\t\t\t<\/div>\n\t\t\t\t<\/div>\n\t\t\t\t\t<\/div>\n\t\t<\/div>\n\t\t\t\t\t<\/div>\n\t\t<\/section>\n\t\t\t\t<\/div>\n\t\t","protected":false},"excerpt":{"rendered":"<p>Postulez ici Date de fermeture27\/04\/2026 AIDE-M\u00c9MOIRE des conditions d\u2019admission au poste vacant de salari\u00e9 \u00e0 t\u00e2che manuelle (m\/f\/d) avec CATP\/DAP dans le m\u00e9tier \u00ab\u00a0technicien de son\u00a0\u00bb pour les besoins du&hellip;<\/p>\n","protected":false},"author":3,"featured_media":0,"parent":0,"menu_order":0,"comment_status":"closed","ping_status":"closed","template":"","meta":{"inline_featured_image":false,"footnotes":""},"class_list":["post-64467","page","type-page","status-publish","hentry"],"_links":{"self":[{"href":"https:\/\/machera.lu\/index.php?rest_route=\/wp\/v2\/pages\/64467","targetHints":{"allow":["GET"]}}],"collection":[{"href":"https:\/\/machera.lu\/index.php?rest_route=\/wp\/v2\/pages"}],"about":[{"href":"https:\/\/machera.lu\/index.php?rest_route=\/wp\/v2\/types\/page"}],"author":[{"embeddable":true,"href":"https:\/\/machera.lu\/index.php?rest_route=\/wp\/v2\/users\/3"}],"replies":[{"embeddable":true,"href":"https:\/\/machera.lu\/index.php?rest_route=%2Fwp%2Fv2%2Fcomments&post=64467"}],"version-history":[{"count":41,"href":"https:\/\/machera.lu\/index.php?rest_route=\/wp\/v2\/pages\/64467\/revisions"}],"predecessor-version":[{"id":65149,"href":"https:\/\/machera.lu\/index.php?rest_route=\/wp\/v2\/pages\/64467\/revisions\/65149"}],"wp:attachment":[{"href":"https:\/\/machera.lu\/index.php?rest_route=%2Fwp%2Fv2%2Fmedia&parent=64467"}],"curies":[{"name":"wp","href":"https:\/\/api.w.org\/{rel}","templated":true}]}}