{"id":63134,"date":"2025-02-18T08:38:32","date_gmt":"2025-02-18T08:38:32","guid":{"rendered":"https:\/\/machera.lu\/?page_id=63134"},"modified":"2025-02-20T10:14:52","modified_gmt":"2025-02-20T10:14:52","slug":"geschichte","status":"publish","type":"page","link":"https:\/\/machera.lu\/?page_id=63134&lang=fr","title":{"rendered":"Historique"},"content":{"rendered":"\t\t<div data-elementor-type=\"wp-page\" data-elementor-id=\"63134\" class=\"elementor elementor-63134 elementor-63111\">\n\t\t\t\t\t\t<section class=\"elementor-section elementor-top-section elementor-element elementor-element-dc3a268 elementor-section-boxed elementor-section-height-default elementor-section-height-default sc_fly_static\" data-id=\"dc3a268\" data-element_type=\"section\">\n\t\t\t\t\t\t<div class=\"elementor-container elementor-column-gap-extended\">\n\t\t\t\t\t<div class=\"elementor-column elementor-col-100 elementor-top-column elementor-element elementor-element-57b64ec sc_inner_width_none sc_content_align_inherit sc_layouts_column_icons_position_left sc_fly_static\" data-id=\"57b64ec\" data-element_type=\"column\">\n\t\t\t<div class=\"elementor-widget-wrap elementor-element-populated\">\n\t\t\t\t\t\t<div class=\"elementor-element elementor-element-fea8fb7 sc_fly_static elementor-widget elementor-widget-text-editor\" data-id=\"fea8fb7\" data-element_type=\"widget\" data-widget_type=\"text-editor.default\">\n\t\t\t\t<div class=\"elementor-widget-container\">\n\t\t\t\t\t\t\t<h3 style=\"font-weight: 400;\"><strong>Le centre culturel MACHERA et ses environs<\/strong><\/h3><p style=\"font-weight: 400;\"><strong>\u00a0<\/strong><\/p><p style=\"font-weight: 400;\"><strong>Le nouveau centre culturel Machera <\/strong>se trouve sur la Place du March\u00e9 aux Bestiaux (\u00ab\u00a0Schweinsmoart\u00a0\u00bb) \u00e0 Grevenmacher.<\/p><p style=\"font-weight: 400;\"><img fetchpriority=\"high\" decoding=\"async\" class=\"aligncenter size-large wp-image-63075\" src=\"https:\/\/machera.lu\/wp-content\/uploads\/2025\/02\/2025-02-07-Centre-Culturel-10-Large-1024x682.jpeg\" alt=\"\" width=\"1024\" height=\"682\" srcset=\"https:\/\/machera.lu\/wp-content\/uploads\/2025\/02\/2025-02-07-Centre-Culturel-10-Large-1024x682.jpeg 1024w, https:\/\/machera.lu\/wp-content\/uploads\/2025\/02\/2025-02-07-Centre-Culturel-10-Large-300x200.jpeg 300w, https:\/\/machera.lu\/wp-content\/uploads\/2025\/02\/2025-02-07-Centre-Culturel-10-Large-768x512.jpeg 768w, https:\/\/machera.lu\/wp-content\/uploads\/2025\/02\/2025-02-07-Centre-Culturel-10-Large-370x247.jpeg 370w, https:\/\/machera.lu\/wp-content\/uploads\/2025\/02\/2025-02-07-Centre-Culturel-10-Large-840x560.jpeg 840w, https:\/\/machera.lu\/wp-content\/uploads\/2025\/02\/2025-02-07-Centre-Culturel-10-Large-410x273.jpeg 410w, https:\/\/machera.lu\/wp-content\/uploads\/2025\/02\/2025-02-07-Centre-Culturel-10-Large-600x400.jpeg 600w, https:\/\/machera.lu\/wp-content\/uploads\/2025\/02\/2025-02-07-Centre-Culturel-10-Large.jpeg 1280w\" sizes=\"(max-width: 1024px) 100vw, 1024px\" \/><\/p><p style=\"font-weight: 400; text-align: center;\"><strong>Le Centre Culturel Machera sur le \u00ab Schweinsmoart \u00bb \u00e0 Grevenmacher. (Photo : Machera)<\/strong><\/p><p style=\"font-weight: 400;\">Le 6 juillet 2020 d\u00e9buta la construction du nouveau b\u00e2timent.<\/p><p style=\"font-weight: 400;\">Bureau d\u2019architectes: Schumacher Schmiz architectes. Bureaux d\u2019\u00e9tudes\u00a0: Schroeder &amp; Associ\u00e9s, Goblet Lavandier &amp; Associ\u00e9s. Bureau de contr\u00f4le\u00a0: Vin\u00e7otte Luxembourg.<\/p><p style=\"font-weight: 400;\">Fin ao\u00fbt\/d\u00e9but septembre 2024, la majeure partie des travaux \u00e9tait achev\u00e9e et l\u2019\u00e9cole de musique ainsi que les associations culturelles \u00e9taient pr\u00eates \u00e0 emm\u00e9nager.<\/p><p style=\"font-weight: 400;\">Co\u00fbt total\u00a0: 40 millions d\u2019euros.<\/p><p style=\"font-weight: 400;\">L\u2019ouverture officielle du centre culturel Machera eut lieu le 22 novembre 2024 dans la grande salle avec ses 1.160 m2 et sa sc\u00e8ne de 160 m2.<\/p><p style=\"font-weight: 400;\">Le nouveau parking souterrain de 129 places sur deux niveaux fait \u00e9galement partie du Centre Culturel Machera.<\/p><p style=\"font-weight: 400;\"><img decoding=\"async\" class=\"aligncenter size-large wp-image-63112\" src=\"https:\/\/machera.lu\/wp-content\/uploads\/2025\/02\/2024-12-02-Centre-culturel-4-Large-1024x682.jpeg\" alt=\"\" width=\"1024\" height=\"682\" srcset=\"https:\/\/machera.lu\/wp-content\/uploads\/2025\/02\/2024-12-02-Centre-culturel-4-Large-1024x682.jpeg 1024w, https:\/\/machera.lu\/wp-content\/uploads\/2025\/02\/2024-12-02-Centre-culturel-4-Large-300x200.jpeg 300w, https:\/\/machera.lu\/wp-content\/uploads\/2025\/02\/2024-12-02-Centre-culturel-4-Large-768x512.jpeg 768w, https:\/\/machera.lu\/wp-content\/uploads\/2025\/02\/2024-12-02-Centre-culturel-4-Large-370x247.jpeg 370w, https:\/\/machera.lu\/wp-content\/uploads\/2025\/02\/2024-12-02-Centre-culturel-4-Large-840x560.jpeg 840w, https:\/\/machera.lu\/wp-content\/uploads\/2025\/02\/2024-12-02-Centre-culturel-4-Large-410x273.jpeg 410w, https:\/\/machera.lu\/wp-content\/uploads\/2025\/02\/2024-12-02-Centre-culturel-4-Large-600x400.jpeg 600w, https:\/\/machera.lu\/wp-content\/uploads\/2025\/02\/2024-12-02-Centre-culturel-4-Large.jpeg 1280w\" sizes=\"(max-width: 1024px) 100vw, 1024px\" \/><\/p><p style=\"font-weight: 400; text-align: center;\"><strong>Un coup d&#8217;\u0153il dans la salle de concert du Centre Culturel Machera. (Photo : Machera)<\/strong><\/p><p style=\"font-weight: 400;\"><strong>Machera <\/strong>est le premier nom document\u00e9 officiellement de Grevenmacher. Vers le 7<sup>e<\/sup> si\u00e8cle, la \u00ab\u00a0Villa Machera\u00a0\u00bb se trouvait \u00e0 c\u00f4t\u00e9 de la route romaine Tr\u00e8ves-Luxembourg-Metz-Reims. Dans la zone industrielle Potaschberg, le nom \u00ab\u00a0Alk\u00ebrrech\u00a0\u00bb fait r\u00e9f\u00e9rence \u00e0 cette \u00ab\u00a0villa\u00a0\u00bb.<\/p><p style=\"font-weight: 400;\">A \u00ab\u00a0Grafenmachern\u00a0\u00bb, dans la vall\u00e9e, le nom appara\u00eet une premi\u00e8re fois en 1357 sur le sceau que le duc Wenceslas 1<sup>er<\/sup> accorda \u00e0 la localit\u00e9\u00a0: <strong>\u00ab\u00a0Sigillum Libertatis de Machera\u00a0\u00bb, <\/strong>ceci ensemble avec le droit de march\u00e9.<\/p><p style=\"font-weight: 400;\">Le nom \u00ab\u00a0Machera\u00a0\u00bb fut choisi majoritairement dans le cadre d\u2019une enqu\u00eate publique lors de la Foire aux Vins en 2024. Ajoutons que la rose cultiv\u00e9e sp\u00e9cialement pour Grevenmacher en 2023, qui depuis \u00e0 sa place dans le jardin d\u2019Osbourg, porte \u00e9galement ce nom ayant une signification particuli\u00e8re, se r\u00e9f\u00e9rant au pass\u00e9 riche en histoire de la m\u00e9tropole mosellane.<\/p><p style=\"font-weight: 400;\"><strong>Sur la Place du March\u00e9 aux Bestiaux<\/strong> (\u00ab\u00a0Schweinsmoart\u00a0\u00bb) se trouve aujourd\u2019hui un grand parking r\u00e9am\u00e9nag\u00e9, muni de bancs. Jadis on pratiquait le commerce de b\u00e9tail sur cette place, d\u2019o\u00f9 son nom. Le puits qu\u2019on a d\u00e9couvert lors du r\u00e9am\u00e9nagement t\u00e9moigne de ce commerce.<\/p><p style=\"font-weight: 400;\"><strong>Un premier centre sportif et culturel <\/strong>\u00e9tait d\u00e9j\u00e0 sur la Place du March\u00e9 aux Bestiaux avant le nouveau centre culturel Machera. Ce b\u00e2timent a \u00e9t\u00e9 inaugur\u00e9 le 21 janvier 1977 en pr\u00e9sence du grand-duc Jean.<\/p><p style=\"font-weight: 400;\">Avec une surface totale de 2 478 m2, dont un hall omnisport de 1 243 m2 et diff\u00e9rentes salles, servant en premier lieu pour les le\u00e7ons de sport \u00e0 l\u2019\u00e9cole ainsi que pour les associations sportives et culturelles, ce b\u00e2timent offrait une r\u00e9elle plus-value en ce qui concernait l\u2019offre sportive et culturelle de la Ville de Grevenmacher.<\/p><p style=\"font-weight: 400;\"><img decoding=\"async\" class=\"aligncenter size-full wp-image-63124\" src=\"https:\/\/machera.lu\/wp-content\/uploads\/2025\/02\/CentreSportifEtCulturel2014.jpg\" alt=\"\" width=\"907\" height=\"681\" srcset=\"https:\/\/machera.lu\/wp-content\/uploads\/2025\/02\/CentreSportifEtCulturel2014.jpg 907w, https:\/\/machera.lu\/wp-content\/uploads\/2025\/02\/CentreSportifEtCulturel2014-300x225.jpg 300w, https:\/\/machera.lu\/wp-content\/uploads\/2025\/02\/CentreSportifEtCulturel2014-768x577.jpg 768w, https:\/\/machera.lu\/wp-content\/uploads\/2025\/02\/CentreSportifEtCulturel2014-370x278.jpg 370w, https:\/\/machera.lu\/wp-content\/uploads\/2025\/02\/CentreSportifEtCulturel2014-840x631.jpg 840w, https:\/\/machera.lu\/wp-content\/uploads\/2025\/02\/CentreSportifEtCulturel2014-410x308.jpg 410w, https:\/\/machera.lu\/wp-content\/uploads\/2025\/02\/CentreSportifEtCulturel2014-600x450.jpg 600w\" sizes=\"(max-width: 907px) 100vw, 907px\" \/><\/p><p style=\"font-weight: 400; text-align: center;\"><strong>Le \u00ab Centre sportif et culturel \u00bb en 2014. (Photo : Monique Hermes)<\/strong><\/p><p style=\"font-weight: 400;\">De 1891 \u00e0 1970 <strong>la gare de Grevenmacher <\/strong>occupait la partie de la Place du March\u00e9 aux Bestiaux o\u00f9 se trouve actuellement le centre culturel Machera. Ce b\u00e2timent imposant et fonctionnel fut construit quand Grevenmacher re\u00e7ut enfin son train qui circulait sur une seule voie entre Grevenmacher et Wasserbillig (6 km) et fit partie des chemins de fer Prince-Henri. Le train circulait jusqu\u2019au 23 mai 1954. Il fut ensuite remplac\u00e9 par des autobus.<\/p><p><img loading=\"lazy\" decoding=\"async\" class=\"aligncenter size-large wp-image-63120\" src=\"https:\/\/machera.lu\/wp-content\/uploads\/2025\/02\/Gr.-Gare-1910-Flash-1024x707.jpg\" alt=\"\" width=\"1024\" height=\"707\" srcset=\"https:\/\/machera.lu\/wp-content\/uploads\/2025\/02\/Gr.-Gare-1910-Flash-1024x707.jpg 1024w, https:\/\/machera.lu\/wp-content\/uploads\/2025\/02\/Gr.-Gare-1910-Flash-300x207.jpg 300w, https:\/\/machera.lu\/wp-content\/uploads\/2025\/02\/Gr.-Gare-1910-Flash-768x530.jpg 768w, https:\/\/machera.lu\/wp-content\/uploads\/2025\/02\/Gr.-Gare-1910-Flash-1536x1061.jpg 1536w, https:\/\/machera.lu\/wp-content\/uploads\/2025\/02\/Gr.-Gare-1910-Flash-2048x1414.jpg 2048w, https:\/\/machera.lu\/wp-content\/uploads\/2025\/02\/Gr.-Gare-1910-Flash-370x255.jpg 370w, https:\/\/machera.lu\/wp-content\/uploads\/2025\/02\/Gr.-Gare-1910-Flash-840x580.jpg 840w, https:\/\/machera.lu\/wp-content\/uploads\/2025\/02\/Gr.-Gare-1910-Flash-410x283.jpg 410w, https:\/\/machera.lu\/wp-content\/uploads\/2025\/02\/Gr.-Gare-1910-Flash-600x414.jpg 600w\" sizes=\"(max-width: 1024px) 100vw, 1024px\" \/><\/p><p style=\"font-weight: 400; text-align: center;\"><strong>La gare de Grevenmacher et son train en 1910 (Archives Photo-Club Flash)<\/strong><\/p><p style=\"font-weight: 400;\"><strong>\u00a0<\/strong><\/p><p style=\"font-weight: 400;\">La Ville de Grevenmacher est desservie journali\u00e8rement par 13 lignes de bus r\u00e9guli\u00e8res ainsi que par bon nombre de bus scolaires. Voil\u00e0 pourquoi <strong>une gare routi\u00e8re couverte<\/strong> fut construite \u00e0 c\u00f4t\u00e9 du centre culturel Machera. En font partie un abri-v\u00e9los (\u00ab\u00a0bikebox\u00a0\u00bb) pour 26 v\u00e9los, \u00e9quip\u00e9 de consignes pour les casques, des WC publics, un WC pour personnes \u00e0 mobilit\u00e9 r\u00e9duite (PMR) et un WC s\u00e9par\u00e9 pour le personnel de bus.<\/p><p style=\"font-weight: 400;\">Le b\u00e2timent fut con\u00e7u par le bureau Schumacher Schmiz Architectes. Pour la partie technique le bureau d\u2019\u00e9tude Goblet &amp; Lavandier \u00e9tait responsable alors que le bureau d\u2019\u00e9tude Schroeder &amp; Associ\u00e9s \u00e9tait en charge pour la gestion du projet, pour la statique ainsi que pour l\u2019am\u00e9nagement des alentours.<\/p><p style=\"font-weight: 400;\">Co\u00fbt total\u00a0: 3\u00a0760\u00a0000 euros.<\/p><p style=\"font-weight: 400;\"><img loading=\"lazy\" decoding=\"async\" class=\"aligncenter size-large wp-image-63116\" src=\"https:\/\/machera.lu\/wp-content\/uploads\/2025\/02\/Nouveau-Centre-Culturel2-Large-1024x576.jpeg\" alt=\"\" width=\"1024\" height=\"576\" srcset=\"https:\/\/machera.lu\/wp-content\/uploads\/2025\/02\/Nouveau-Centre-Culturel2-Large-1024x576.jpeg 1024w, https:\/\/machera.lu\/wp-content\/uploads\/2025\/02\/Nouveau-Centre-Culturel2-Large-300x169.jpeg 300w, https:\/\/machera.lu\/wp-content\/uploads\/2025\/02\/Nouveau-Centre-Culturel2-Large-768x432.jpeg 768w, https:\/\/machera.lu\/wp-content\/uploads\/2025\/02\/Nouveau-Centre-Culturel2-Large-370x208.jpeg 370w, https:\/\/machera.lu\/wp-content\/uploads\/2025\/02\/Nouveau-Centre-Culturel2-Large-840x473.jpeg 840w, https:\/\/machera.lu\/wp-content\/uploads\/2025\/02\/Nouveau-Centre-Culturel2-Large-410x231.jpeg 410w, https:\/\/machera.lu\/wp-content\/uploads\/2025\/02\/Nouveau-Centre-Culturel2-Large-600x338.jpeg 600w, https:\/\/machera.lu\/wp-content\/uploads\/2025\/02\/Nouveau-Centre-Culturel2-Large-270x152.jpeg 270w, https:\/\/machera.lu\/wp-content\/uploads\/2025\/02\/Nouveau-Centre-Culturel2-Large.jpeg 1280w\" sizes=\"(max-width: 1024px) 100vw, 1024px\" \/><\/p><p style=\"font-weight: 400; text-align: center;\"><strong>Une vue de la gare routi\u00e8re moderne \u00e0 c\u00f4t\u00e9 du Centre Culturel Machera. (M\u00e9tropole visualisation 3 D)<\/strong><\/p><p style=\"font-weight: 400;\"><strong>\u00a0<\/strong><\/p><div><b><span lang=\"FR-LU\">R\u00e9daction\u00a0<\/span><\/b><strong>: Monique Hermes<\/strong><\/div>\t\t\t\t\t\t<\/div>\n\t\t\t\t<\/div>\n\t\t\t\t\t<\/div>\n\t\t<\/div>\n\t\t\t\t\t<\/div>\n\t\t<\/section>\n\t\t\t\t<\/div>\n\t\t","protected":false},"excerpt":{"rendered":"<p>Le centre culturel MACHERA et ses environs \u00a0 Le nouveau centre culturel Machera se trouve sur la Place du March\u00e9 aux Bestiaux (\u00ab\u00a0Schweinsmoart\u00a0\u00bb) \u00e0 Grevenmacher. Le Centre Culturel Machera sur&hellip;<\/p>\n","protected":false},"author":1,"featured_media":0,"parent":0,"menu_order":0,"comment_status":"closed","ping_status":"closed","template":"elementor_header_footer","meta":{"inline_featured_image":false,"footnotes":""},"class_list":["post-63134","page","type-page","status-publish","hentry"],"_links":{"self":[{"href":"https:\/\/machera.lu\/index.php?rest_route=\/wp\/v2\/pages\/63134","targetHints":{"allow":["GET"]}}],"collection":[{"href":"https:\/\/machera.lu\/index.php?rest_route=\/wp\/v2\/pages"}],"about":[{"href":"https:\/\/machera.lu\/index.php?rest_route=\/wp\/v2\/types\/page"}],"author":[{"embeddable":true,"href":"https:\/\/machera.lu\/index.php?rest_route=\/wp\/v2\/users\/1"}],"replies":[{"embeddable":true,"href":"https:\/\/machera.lu\/index.php?rest_route=%2Fwp%2Fv2%2Fcomments&post=63134"}],"version-history":[{"count":13,"href":"https:\/\/machera.lu\/index.php?rest_route=\/wp\/v2\/pages\/63134\/revisions"}],"predecessor-version":[{"id":63177,"href":"https:\/\/machera.lu\/index.php?rest_route=\/wp\/v2\/pages\/63134\/revisions\/63177"}],"wp:attachment":[{"href":"https:\/\/machera.lu\/index.php?rest_route=%2Fwp%2Fv2%2Fmedia&parent=63134"}],"curies":[{"name":"wp","href":"https:\/\/api.w.org\/{rel}","templated":true}]}}